{"id":1203,"date":"2024-06-11T11:50:32","date_gmt":"2024-06-11T11:50:32","guid":{"rendered":"https:\/\/almazakademie.az\/?page_id=1203"},"modified":"2024-09-23T03:45:48","modified_gmt":"2024-09-23T03:45:48","slug":"treninql%c9%99r","status":"publish","type":"page","link":"https:\/\/almazakademie.az\/?page_id=1203","title":{"rendered":"AZ\u018fRBAYCAN M\u0130N\u0130MAL \u0130NVAZ\u0130V C\u018fRRAHLAR C\u018fM\u0130YY\u018fT\u0130N\u0130N 9-12 may tarixl\u0259rind\u0259 ke\u00e7irdiyi 1-ci konqresi \u00e7\u0259r\u00e7iv\u0259sind\u0259 bir ne\u00e7\u0259 treninql\u0259rd\u0259 h\u0259yata ke\u00e7irilmi\u015fdir"},"content":{"rendered":"<p>AZ\u018fRBAYCAN M\u0130N\u0130MAL \u0130NVAZ\u0130V C\u018fRRAHLAR C\u018fM\u0130YY\u018fT\u0130N\u0130N 9-12 may tarixl\u0259rind\u0259 ke\u00e7irdiyi 1-ci konqresi \u00e7\u0259r\u00e7iv\u0259sind\u0259 bir ne\u00e7\u0259 treninql\u0259rd\u0259 h\u0259yata ke\u00e7irilmi\u015fdir.<\/p>\n<p>Laparoskopik t\u0259m\u0259l tiki\u015f kursu<\/p>\n<p>Laparoskopik ir\u0259li tiki\u015f kursu<\/p>\n<p>Tibb bac\u0131lar\u0131 \u00fc\u00e7\u00fcn infeksiyaya n\u0259zar\u0259t kursu<\/p>\n<p>Tibb bac\u0131lar\u0131 \u00fc\u00e7\u00fcn elektroc\u0259rrahiyy\u0259 kursu<\/p>\n<p>&nbsp;<\/p>\n<div class=\"et_pb_slider et_pb_slider_fullwidth_off et_pb_gallery_post_type\">\n\t\t\t\t<div class=\"et_pb_slides\">\n\t\t\t\t\t<div class=\"et_pb_slide\" style=\"background: url(https:\/\/almazakademie.az\/wp-content\/uploads\/2024\/06\/\u0418\u0437\u043e\u0431\u0440\u0430\u0436\u0435\u043d\u0438\u0435-WhatsApp-2024-06-10-\u0432-14.07.30_5091ef6d-1.jpg);\"><\/div><div class=\"et_pb_slide\" style=\"background: url(https:\/\/almazakademie.az\/wp-content\/uploads\/2024\/06\/IMG-20240610-WA0044-1.jpg);\"><\/div><div class=\"et_pb_slide\" style=\"background: url(https:\/\/almazakademie.az\/wp-content\/uploads\/2024\/06\/IMG-20240610-WA0038-1.jpg);\"><\/div><div class=\"et_pb_slide\" style=\"background: url(https:\/\/almazakademie.az\/wp-content\/uploads\/2024\/06\/IMG-20240610-WA0029-1.jpg);\"><\/div><div class=\"et_pb_slide\" style=\"background: url(https:\/\/almazakademie.az\/wp-content\/uploads\/2024\/06\/IMG-20240610-WA0019-1.jpg);\"><\/div><div class=\"et_pb_slide\" style=\"background: url(https:\/\/almazakademie.az\/wp-content\/uploads\/2024\/06\/IMG-20240610-WA0023-1.jpg);\"><\/div><div class=\"et_pb_slide\" style=\"background: url(https:\/\/almazakademie.az\/wp-content\/uploads\/2024\/06\/IMG-20240610-WA0036-1.jpg);\"><\/div><div class=\"et_pb_slide\" style=\"background: url(https:\/\/almazakademie.az\/wp-content\/uploads\/2024\/06\/IMG-20240610-WA0037-1.jpg);\"><\/div>\n\t\t\t\t<\/div>\n\t\t\t<\/div>\n<p>&nbsp;<\/p>\n","protected":false},"excerpt":{"rendered":"<p>AZ\u018fRBAYCAN M\u0130N\u0130MAL \u0130NVAZ\u0130V C\u018fRRAHLAR C\u018fM\u0130YY\u018fT\u0130N\u0130N 9-12 may tarixl\u0259rind\u0259 ke\u00e7irdiyi 1-ci konqresi \u00e7\u0259r\u00e7iv\u0259sind\u0259 bir ne\u00e7\u0259 treninql\u0259rd\u0259 h\u0259yata ke\u00e7irilmi\u015fdir. Laparoskopik t\u0259m\u0259l tiki\u015f kursu Laparoskopik ir\u0259li tiki\u015f kursu Tibb bac\u0131lar\u0131 \u00fc\u00e7\u00fcn infeksiyaya n\u0259zar\u0259t kursu Tibb bac\u0131lar\u0131 \u00fc\u00e7\u00fcn elektroc\u0259rrahiyy\u0259 kursu &nbsp; &nbsp;<\/p>\n","protected":false},"author":1,"featured_media":0,"parent":0,"menu_order":0,"comment_status":"closed","ping_status":"closed","template":"","meta":{"ngg_post_thumbnail":0,"footnotes":""},"_links":{"self":[{"href":"https:\/\/almazakademie.az\/index.php?rest_route=\/wp\/v2\/pages\/1203"}],"collection":[{"href":"https:\/\/almazakademie.az\/index.php?rest_route=\/wp\/v2\/pages"}],"about":[{"href":"https:\/\/almazakademie.az\/index.php?rest_route=\/wp\/v2\/types\/page"}],"author":[{"embeddable":true,"href":"https:\/\/almazakademie.az\/index.php?rest_route=\/wp\/v2\/users\/1"}],"replies":[{"embeddable":true,"href":"https:\/\/almazakademie.az\/index.php?rest_route=%2Fwp%2Fv2%2Fcomments&post=1203"}],"version-history":[{"count":12,"href":"https:\/\/almazakademie.az\/index.php?rest_route=\/wp\/v2\/pages\/1203\/revisions"}],"predecessor-version":[{"id":1362,"href":"https:\/\/almazakademie.az\/index.php?rest_route=\/wp\/v2\/pages\/1203\/revisions\/1362"}],"wp:attachment":[{"href":"https:\/\/almazakademie.az\/index.php?rest_route=%2Fwp%2Fv2%2Fmedia&parent=1203"}],"curies":[{"name":"wp","href":"https:\/\/api.w.org\/{rel}","templated":true}]}}