{"id":14,"date":"2017-11-04T22:29:57","date_gmt":"2017-11-04T22:29:57","guid":{"rendered":"http:\/\/almazakademie.az\/?page_id=14"},"modified":"2024-06-10T08:17:03","modified_gmt":"2024-06-10T08:17:03","slug":"%c9%99sas-s%c9%99hif%c9%99","status":"publish","type":"page","link":"https:\/\/almazakademie.az\/","title":{"rendered":"\u018fSAS S\u018fH\u0130F\u018f"},"content":{"rendered":"<p>[et_pb_section bb_built=&#8221;1&#8243; _builder_version=&#8221;3.0.105&#8243;][et_pb_row _builder_version=&#8221;3.0.105&#8243;][et_pb_column type=&#8221;3_4&#8243;][et_pb_video _builder_version=&#8221;3.0.105&#8243; src=&#8221;https:\/\/almazakademie.az\/wp-content\/uploads\/2024\/06\/esas_video.mp4&#8243; \/][et_pb_post_slider posts_number=&#8221;10&#8243; include_categories=&#8221;1&#8243; more_text=&#8221;\u018ftrafl\u0131 oxu&#8221; content_source=&#8221;off&#8221; use_manual_excerpt=&#8221;off&#8221; excerpt_length=&#8221;200&#8243; show_meta=&#8221;off&#8221; use_text_overlay=&#8221;off&#8221; _builder_version=&#8221;3.0.105&#8243; header_level=&#8221;h5&#8243; header_font_size=&#8221;25&#8243; body_font_size=&#8221;13&#8243; body_font_size_last_edited=&#8221;off|&#8221; custom_button=&#8221;on&#8221; button_text_size=&#8221;15&#8243; auto=&#8221;on&#8221; auto_speed=&#8221;4000&#8243; orderby=&#8221;date_desc&#8221; show_arrows=&#8221;on&#8221; show_pagination=&#8221;on&#8221; show_more_button=&#8221;on&#8221; show_image=&#8221;on&#8221; image_placement=&#8221;background&#8221; use_bg_overlay=&#8221;on&#8221; background_layout=&#8221;dark&#8221; button_icon_placement=&#8221;right&#8221; show_content_on_mobile=&#8221;on&#8221; show_cta_on_mobile=&#8221;on&#8221; show_image_video_mobile=&#8221;off&#8221;]<\/p>\n<p>&nbsp;<\/p>\n<p>[\/et_pb_post_slider][et_pb_divider color=&#8221;#dddddd&#8221; show_divider=&#8221;on&#8221; height=&#8221;14px&#8221; _builder_version=&#8221;3.0.105&#8243;]<\/p>\n<p>&nbsp;<\/p>\n<p>[\/et_pb_divider][et_pb_text _builder_version=&#8221;3.0.105&#8243;]<\/p>\n<p style=\"text-align: justify;\">ALMAZ AKADEMIE Tibbi Treyninq M\u0259rk\u0259zi 2010-cu ild\u0259n t\u0259sis edilmi\u015f v\u0259 2011-ci ild\u0259 Az\u0259rbaycan-Almaniya Tibbi \u018fm\u0259kda\u015fl\u0131q C\u0259miyy\u0259tinin r\u0259smi qeydiyyat\u0131ndan sonra onun n\u0259zdind\u0259 f\u0259aliyy\u0259t\u0259 ba\u015flam\u0131\u015fd\u0131r. Bu m\u0259rk\u0259zin yarad\u0131lmas\u0131nda m\u0259qs\u0259d respublikam\u0131zda t\u0259bab\u0259tin inki\u015faf\u0131, yeni m\u00fcasir tibb m\u0259rk\u0259zl\u0259rinin a\u00e7\u0131lmas\u0131 v\u0259 tibb t\u0259hsili sah\u0259sind\u0259 \u0259ld\u0259 edilmi\u015f ir\u0259lil\u0259yi\u015fl\u0259r fonunda davaml\u0131 tibb t\u0259hsilin\u0259 ictimai d\u0259st\u0259k olmaq, t\u0259l\u0259b\u0259, rezident v\u0259 h\u0259kiml\u0259rimiz\u0259 tibbin m\u00fcxt\u0259lif sah\u0259l\u0259rind\u0259 tibbi v\u0259rdi\u015fl\u0259rin a\u015f\u0131lanmas m\u0259qs\u0259dil\u0259 treyninql\u0259rin t\u0259\u015fkil edilm\u0259sidir.<\/p>\n<p style=\"text-align: justify;\">M\u0259rk\u0259z \u00f6z f\u0259aliyy\u0259tin\u0259 2011-ci ild\u0259 Az\u0259rbaycan Tibb Universiteti il\u0259 birg\u0259 t\u0259\u015fkil etdiyi II Az\u0259rbaycan-Alman Tibb G\u00fcnl\u0259ri \u00e7\u0259r\u00e7iv\u0259sind\u0259 t\u0259l\u0259b\u0259 v\u0259 g\u0259nc h\u0259kiml\u0259r \u00fc\u00e7\u00fcn endoskopiya, \u00fcmumi v\u0259 laparoskopik c\u0259rrahiyy\u0259d\u0259n ke\u00e7irilmi\u015f treyninq kurslar\u0131 il\u0259 ba\u015flam\u0131\u015fd\u0131r. Haz\u0131rda ALMAZ AKADEMIE Tibbi Treyninq M\u0259rk\u0259zi Almaniya C\u0259rrahlar C\u0259miyy\u0259tinin \u00dcmumi v\u0259 Laparoskopik C\u0259rrahiyy\u0259 \u00fczr\u0259 C\u0259rrahi treyninql\u0259rin standartlar\u0131 \u0259sas\u0131nda el\u0259c\u0259 d\u0259 Davos Qastrointestinal C\u0259rrahiyy\u0259 Kurslar\u0131nda m\u00f6vcud olan texnikalar \u0259sas\u0131nda \u00f6z f\u0259aliyy\u0259ti qurmu\u015fdur.<\/p>\n<p style=\"text-align: justify;\">2015-ci ilin aprel ay\u0131nda 1. Az\u0259rbaycan-Alman-T\u00fcrk Tibb Konqresi \u00e7\u0259r\u00e7iv\u0259sind\u0259 ke\u00e7iril\u0259n treyninql\u0259r\u0259 davaml\u0131 tibb t\u0259hsili \u00fczr\u0259 Avropa institutlar\u0131 t\u0259r\u0259find\u0259n 21 CME bal\u0131 (beyn\u0259lxalq kredit) verilmi\u015fdir. N\u00f6vb\u0259ti d\u0259f\u0259 ke\u00e7iril\u0259n 2.Az\u0259rbaycan-Alman-T\u00fcrk Tibb Konqresi zaman\u0131 is\u0259 treyninql\u0259r 24 CME bal\u0131 il\u0259 qiym\u0259tl\u0259ndirilmi\u015fdir.<\/p>\n<p style=\"text-align: justify;\">Hal haz\u0131rda Tibbi Treyninq M\u0259rk\u0259zind\u0259 Laparoskopik v\u0259 \u00dcmumi C\u0259rrahiyy\u0259 \u00fczr\u0259 \u0259n m\u00fcasir t\u0259dris proqramlar\u0131na \u0259saslanan praktiki v\u0259rdi\u015fl\u0259ri \u0259ld\u0259 etm\u0259k m\u00fcmk\u00fcnd\u00fcr.<\/p>\n<p style=\"text-align: justify;\">ALMAZ AKADEMIE Tibbi Treyninq M\u0259rk\u0259zi t\u0259r\u0259find\u0259n t\u0259\u015fkil olunan b\u00fct\u00fcn kurslar\u0131n sonunda treyninql\u0259ri m\u00fcf\u0259v\u0259qiyy\u0259tl\u0259 ba\u015fa vurmu\u015f i\u015ftirak\u00e7\u0131lara beyn\u0259lxalq s\u0259viyy\u0259li sertifikatlar t\u0259qdim olunur.<\/p>\n<p>[\/et_pb_text][et_pb_text _builder_version=&#8221;3.0.105&#8243; background_layout=&#8221;light&#8221;]<\/p>\n<h3><span style=\"color: #3366ff;\"><strong>ALMAZ AKADEMIE Tibbi Treyninq M\u0259rk\u0259zind\u0259 t\u0259\u015fkil olunan kurslar<\/strong><\/span><\/h3>\n<p>[\/et_pb_text][et_pb_text _builder_version=&#8221;3.0.105&#8243; background_layout=&#8221;light&#8221;]<\/p>\n<p><b>\u00dcMUM\u0130 V\u018f DAMAR C\u018fRRAH\u0130YY\u018fS\u0130<\/b><\/p>\n<p><a href=\"https:\/\/almazakademie.az\/wp-content\/uploads\/2021\/10\/gs-1-768x580.png\"><img loading=\"lazy\" decoding=\"async\" class=\"alignnone wp-image-604\" src=\"https:\/\/almazakademie.az\/wp-content\/uploads\/2021\/10\/gs-1-768x580-300x227.png\" alt=\"\" width=\"760\" height=\"575\" srcset=\"https:\/\/almazakademie.az\/wp-content\/uploads\/2021\/10\/gs-1-768x580-300x227.png 300w, https:\/\/almazakademie.az\/wp-content\/uploads\/2021\/10\/gs-1-768x580.png 768w\" sizes=\"(max-width: 760px) 100vw, 760px\" \/><\/a><\/p>\n<p>[\/et_pb_text][et_pb_text _builder_version=&#8221;3.0.105&#8243; background_layout=&#8221;light&#8221;]<\/p>\n<p><strong>LAPAROSKOP\u0130K C\u018fRRAH\u0130YY\u018f<\/strong><\/p>\n<p><a href=\"https:\/\/almazakademie.az\/wp-content\/uploads\/2021\/10\/ls2-768x525.png\"><img loading=\"lazy\" decoding=\"async\" class=\"alignnone wp-image-605\" src=\"https:\/\/almazakademie.az\/wp-content\/uploads\/2021\/10\/ls2-768x525-300x205.png\" alt=\"\" width=\"760\" height=\"519\" srcset=\"https:\/\/almazakademie.az\/wp-content\/uploads\/2021\/10\/ls2-768x525-300x205.png 300w, https:\/\/almazakademie.az\/wp-content\/uploads\/2021\/10\/ls2-768x525.png 768w\" sizes=\"(max-width: 760px) 100vw, 760px\" \/><\/a><\/p>\n<p>[\/et_pb_text][et_pb_text _builder_version=&#8221;3.0.105&#8243; background_layout=&#8221;light&#8221;]<\/p>\n<p><strong>ENDOSKOP\u0130YA<\/strong><\/p>\n<p><a href=\"https:\/\/almazakademie.az\/wp-content\/uploads\/2021\/10\/end-768x570.png\"><img loading=\"lazy\" decoding=\"async\" class=\"alignnone wp-image-603\" src=\"https:\/\/almazakademie.az\/wp-content\/uploads\/2021\/10\/end-768x570-300x223.png\" alt=\"\" width=\"760\" height=\"565\" srcset=\"https:\/\/almazakademie.az\/wp-content\/uploads\/2021\/10\/end-768x570-300x223.png 300w, https:\/\/almazakademie.az\/wp-content\/uploads\/2021\/10\/end-768x570.png 768w\" sizes=\"(max-width: 760px) 100vw, 760px\" \/><\/a><\/p>\n<p>[\/et_pb_text][et_pb_text _builder_version=&#8221;3.0.105&#8243; background_layout=&#8221;light&#8221;]<\/p>\n<p><strong>ULTRASONOQRAF\u0130YA<\/strong><\/p>\n<p><a href=\"https:\/\/almazakademie.az\/wp-content\/uploads\/2021\/10\/ult-768x556-1.png\"><img loading=\"lazy\" decoding=\"async\" class=\"alignnone wp-image-606\" src=\"https:\/\/almazakademie.az\/wp-content\/uploads\/2021\/10\/ult-768x556-1-300x217.png\" alt=\"\" width=\"760\" height=\"550\" srcset=\"https:\/\/almazakademie.az\/wp-content\/uploads\/2021\/10\/ult-768x556-1-300x217.png 300w, https:\/\/almazakademie.az\/wp-content\/uploads\/2021\/10\/ult-768x556-1.png 768w\" sizes=\"(max-width: 760px) 100vw, 760px\" \/><\/a><\/p>\n<p>[\/et_pb_text][et_pb_text _builder_version=&#8221;3.0.105&#8243; background_layout=&#8221;light&#8221;]<\/p>\n<p><strong>G\u0130NEKOLOG\u0130YA V\u018f H\u0130STERESKOP\u0130YA<\/strong><\/p>\n<p><a href=\"https:\/\/almazakademie.az\/wp-content\/uploads\/2021\/10\/gyn-768x541.png\"><img loading=\"lazy\" decoding=\"async\" class=\"alignnone wp-image-596\" src=\"https:\/\/almazakademie.az\/wp-content\/uploads\/2021\/10\/gyn-768x541-300x211.png\" alt=\"\" width=\"760\" height=\"535\" srcset=\"https:\/\/almazakademie.az\/wp-content\/uploads\/2021\/10\/gyn-768x541-300x211.png 300w, https:\/\/almazakademie.az\/wp-content\/uploads\/2021\/10\/gyn-768x541.png 768w\" sizes=\"(max-width: 760px) 100vw, 760px\" \/><\/a><\/p>\n<p>[\/et_pb_text][et_pb_text _builder_version=&#8221;3.0.105&#8243; background_layout=&#8221;light&#8221;]<\/p>\n<p><b>KARD\u0130OPULMONAR REAN\u0130MAS\u0130YA<\/b><\/p>\n<p><a href=\"https:\/\/almazakademie.az\/wp-content\/uploads\/2021\/10\/cpr-768x554.png\"><img loading=\"lazy\" decoding=\"async\" class=\"alignnone wp-image-602\" src=\"https:\/\/almazakademie.az\/wp-content\/uploads\/2021\/10\/cpr-768x554-300x216.png\" alt=\"\" width=\"760\" height=\"547\" srcset=\"https:\/\/almazakademie.az\/wp-content\/uploads\/2021\/10\/cpr-768x554-300x216.png 300w, https:\/\/almazakademie.az\/wp-content\/uploads\/2021\/10\/cpr-768x554.png 768w\" sizes=\"(max-width: 760px) 100vw, 760px\" \/><\/a><\/p>\n<p>[\/et_pb_text][\/et_pb_column][et_pb_column type=&#8221;1_4&#8243;][et_pb_sidebar area=&#8221;sidebar-1&#8243; _builder_version=&#8221;3.0.105&#8243;]<\/p>\n<p>&nbsp;<\/p>\n<p>[\/et_pb_sidebar][\/et_pb_column][\/et_pb_row][\/et_pb_section]<\/p>\n","protected":false},"excerpt":{"rendered":"<p>[et_pb_section bb_built=&#8221;1&#8243; _builder_version=&#8221;3.0.105&#8243;][et_pb_row _builder_version=&#8221;3.0.105&#8243;][et_pb_column type=&#8221;3_4&#8243;][et_pb_video _builder_version=&#8221;3.0.105&#8243; src=&#8221;https:\/\/almazakademie.az\/wp-content\/uploads\/2024\/06\/esas_video.mp4&#8243; \/][et_pb_post_slider posts_number=&#8221;10&#8243; include_categories=&#8221;1&#8243; more_text=&#8221;\u018ftrafl\u0131 oxu&#8221; content_source=&#8221;off&#8221; use_manual_excerpt=&#8221;off&#8221; excerpt_length=&#8221;200&#8243; show_meta=&#8221;off&#8221; use_text_overlay=&#8221;off&#8221; _builder_version=&#8221;3.0.105&#8243; header_level=&#8221;h5&#8243; header_font_size=&#8221;25&#8243; body_font_size=&#8221;13&#8243; body_font_size_last_edited=&#8221;off|&#8221; custom_button=&#8221;on&#8221; button_text_size=&#8221;15&#8243; auto=&#8221;on&#8221; auto_speed=&#8221;4000&#8243; orderby=&#8221;date_desc&#8221; show_arrows=&#8221;on&#8221; show_pagination=&#8221;on&#8221; show_more_button=&#8221;on&#8221; show_image=&#8221;on&#8221; image_placement=&#8221;background&#8221; use_bg_overlay=&#8221;on&#8221; background_layout=&#8221;dark&#8221; button_icon_placement=&#8221;right&#8221; show_content_on_mobile=&#8221;on&#8221; show_cta_on_mobile=&#8221;on&#8221; show_image_video_mobile=&#8221;off&#8221;] &nbsp; [\/et_pb_post_slider][et_pb_divider color=&#8221;#dddddd&#8221; show_divider=&#8221;on&#8221; height=&#8221;14px&#8221; _builder_version=&#8221;3.0.105&#8243;] &nbsp; [\/et_pb_divider][et_pb_text _builder_version=&#8221;3.0.105&#8243;] ALMAZ AKADEMIE Tibbi Treyninq M\u0259rk\u0259zi 2010-cu ild\u0259n t\u0259sis [&hellip;]<\/p>\n","protected":false},"author":1,"featured_media":0,"parent":0,"menu_order":0,"comment_status":"closed","ping_status":"closed","template":"","meta":{"ngg_post_thumbnail":0,"footnotes":""},"_links":{"self":[{"href":"https:\/\/almazakademie.az\/index.php?rest_route=\/wp\/v2\/pages\/14"}],"collection":[{"href":"https:\/\/almazakademie.az\/index.php?rest_route=\/wp\/v2\/pages"}],"about":[{"href":"https:\/\/almazakademie.az\/index.php?rest_route=\/wp\/v2\/types\/page"}],"author":[{"embeddable":true,"href":"https:\/\/almazakademie.az\/index.php?rest_route=\/wp\/v2\/users\/1"}],"replies":[{"embeddable":true,"href":"https:\/\/almazakademie.az\/index.php?rest_route=%2Fwp%2Fv2%2Fcomments&post=14"}],"version-history":[{"count":33,"href":"https:\/\/almazakademie.az\/index.php?rest_route=\/wp\/v2\/pages\/14\/revisions"}],"predecessor-version":[{"id":1202,"href":"https:\/\/almazakademie.az\/index.php?rest_route=\/wp\/v2\/pages\/14\/revisions\/1202"}],"wp:attachment":[{"href":"https:\/\/almazakademie.az\/index.php?rest_route=%2Fwp%2Fv2%2Fmedia&parent=14"}],"curies":[{"name":"wp","href":"https:\/\/api.w.org\/{rel}","templated":true}]}}