{"id":669,"date":"2021-10-27T10:06:04","date_gmt":"2021-10-27T10:06:04","guid":{"rendered":"http:\/\/almazakademie.az\/?page_id=669"},"modified":"2021-10-27T10:37:46","modified_gmt":"2021-10-27T10:37:46","slug":"duz-bagirsaq-%c9%99m%c9%99liyyatlari-zamani-muasir-prinsipl%c9%99r-v%c9%99-yanasmalar-30-10-2021","status":"publish","type":"page","link":"https:\/\/almazakademie.az\/?page_id=669","title":{"rendered":"D\u00fcz ba\u011f\u0131rsaq \u0259m\u0259liyyatlar\u0131 zaman\u0131 m\u00fcasir prinsipl\u0259r v\u0259 yana\u015fmalar (30.10.2021)"},"content":{"rendered":"<p>\u018fziz Kolleqalar!<\/p>\n<p>C\u0259rrahlar, rezidentl\u0259r v\u0259 t\u0259l\u0259b\u0259l\u0259r!<\/p>\n<p>N\u0259z\u0259riniz\u0259 \u00e7atd\u0131r\u0131r\u0131q ki, Az\u0259rbaycan Minimal \u0130nvaziv C\u0259rrahlar C\u0259miyy\u0259tinin n\u00f6vb\u0259ti ayl\u0131q seminar\u0131 oktyabr ay\u0131n\u0131n 30-da \u201c\u0130bis Baku Sity\u201d Hotel-d\u0259 (\u00dcnvan: AZ1025, Bak\u0131, Xocal\u0131 k\u00fc\u00e7. 64) ke\u00e7iril\u0259c\u0259kdir. T\u0259dbir hibrid formada \u2013 \u0259yani v\u0259 onlayn olaraq ke\u00e7iril\u0259c\u0259kdir. T\u0259dbir onlayn \u015f\u0259kild\u0259 GoToWebinar proqram\u0131 \u00fcz\u0259rind\u0259n transilasiya edil\u0259c\u0259kdir. Maraqlanan h\u0259r k\u0259s t\u0259dbird\u0259 i\u015ftirak etm\u0259k \u00fc\u00e7\u00fcn d\u0259v\u0259tlidir. T\u0259dbird\u0259 i\u015ftirak etm\u0259k \u00fc\u00e7\u00fcn a\u015fa\u011f\u0131dak\u0131 link \u00fcz\u0259rind\u0259n qeydiyyatdan ke\u00e7m\u0259yiniz xahi\u015f olunur:<\/p>\n<p>https:\/\/register.gotowebinar.com\/register\/4945137527427968271<\/p>\n<p>\u018flaq\u0259: (+99455) 342 81 81 (V\u00fcqar Behbudov)<\/p>\n<p>Mail : invazivm@gmail.com<\/p>\n<p>&nbsp;<\/p>\n<p><a href=\"https:\/\/almazakademie.az\/wp-content\/uploads\/2021\/10\/Seminar-oktyabr-2021-2-1.jpg\"><img loading=\"lazy\" decoding=\"async\" class=\"wp-image-664 aligncenter\" src=\"https:\/\/almazakademie.az\/wp-content\/uploads\/2021\/10\/Seminar-oktyabr-2021-2-1-212x300.jpg\" alt=\"\" width=\"406\" height=\"575\" srcset=\"https:\/\/almazakademie.az\/wp-content\/uploads\/2021\/10\/Seminar-oktyabr-2021-2-1-212x300.jpg 212w, https:\/\/almazakademie.az\/wp-content\/uploads\/2021\/10\/Seminar-oktyabr-2021-2-1-768x1086.jpg 768w, https:\/\/almazakademie.az\/wp-content\/uploads\/2021\/10\/Seminar-oktyabr-2021-2-1-724x1024.jpg 724w, https:\/\/almazakademie.az\/wp-content\/uploads\/2021\/10\/Seminar-oktyabr-2021-2-1-1080x1527.jpg 1080w, https:\/\/almazakademie.az\/wp-content\/uploads\/2021\/10\/Seminar-oktyabr-2021-2-1.jpg 1654w\" sizes=\"(max-width: 406px) 100vw, 406px\" \/><\/a><\/p>\n","protected":false},"excerpt":{"rendered":"<p>\u018fziz Kolleqalar! C\u0259rrahlar, rezidentl\u0259r v\u0259 t\u0259l\u0259b\u0259l\u0259r! N\u0259z\u0259riniz\u0259 \u00e7atd\u0131r\u0131r\u0131q ki, Az\u0259rbaycan Minimal \u0130nvaziv C\u0259rrahlar C\u0259miyy\u0259tinin n\u00f6vb\u0259ti ayl\u0131q seminar\u0131 oktyabr ay\u0131n\u0131n 30-da \u201c\u0130bis Baku Sity\u201d Hotel-d\u0259 (\u00dcnvan: AZ1025, Bak\u0131, Xocal\u0131 k\u00fc\u00e7. 64) ke\u00e7iril\u0259c\u0259kdir. T\u0259dbir hibrid formada \u2013 \u0259yani v\u0259 onlayn olaraq ke\u00e7iril\u0259c\u0259kdir. T\u0259dbir onlayn \u015f\u0259kild\u0259 GoToWebinar proqram\u0131 \u00fcz\u0259rind\u0259n transilasiya edil\u0259c\u0259kdir. Maraqlanan h\u0259r k\u0259s t\u0259dbird\u0259 i\u015ftirak etm\u0259k \u00fc\u00e7\u00fcn [&hellip;]<\/p>\n","protected":false},"author":1,"featured_media":0,"parent":0,"menu_order":0,"comment_status":"closed","ping_status":"closed","template":"","meta":{"ngg_post_thumbnail":0,"footnotes":""},"_links":{"self":[{"href":"https:\/\/almazakademie.az\/index.php?rest_route=\/wp\/v2\/pages\/669"}],"collection":[{"href":"https:\/\/almazakademie.az\/index.php?rest_route=\/wp\/v2\/pages"}],"about":[{"href":"https:\/\/almazakademie.az\/index.php?rest_route=\/wp\/v2\/types\/page"}],"author":[{"embeddable":true,"href":"https:\/\/almazakademie.az\/index.php?rest_route=\/wp\/v2\/users\/1"}],"replies":[{"embeddable":true,"href":"https:\/\/almazakademie.az\/index.php?rest_route=%2Fwp%2Fv2%2Fcomments&post=669"}],"version-history":[{"count":4,"href":"https:\/\/almazakademie.az\/index.php?rest_route=\/wp\/v2\/pages\/669\/revisions"}],"predecessor-version":[{"id":675,"href":"https:\/\/almazakademie.az\/index.php?rest_route=\/wp\/v2\/pages\/669\/revisions\/675"}],"wp:attachment":[{"href":"https:\/\/almazakademie.az\/index.php?rest_route=%2Fwp%2Fv2%2Fmedia&parent=669"}],"curies":[{"name":"wp","href":"https:\/\/api.w.org\/{rel}","templated":true}]}}