{"id":775,"date":"2021-11-16T12:13:34","date_gmt":"2021-11-16T12:13:34","guid":{"rendered":"http:\/\/almazakademie.az\/?page_id=775"},"modified":"2021-11-16T12:13:34","modified_gmt":"2021-11-16T12:13:34","slug":"histeroskopiya-kurslari","status":"publish","type":"page","link":"https:\/\/almazakademie.az\/?page_id=775","title":{"rendered":"Histeroskopiya kurslar\u0131"},"content":{"rendered":"<h2><strong>31 Mart 2018-ci il tarixd\u0259 ke\u00e7iril\u0259n Treyniql\u0259r<\/strong><\/h2>\n<div dir=\"auto\">31.03.2018-ci il tarixd\u0259 Elmi T\u0259dqiqat Mamal\u0131q Ginekologiya \u0130nstitutu, Az\u0259rbaycan Almaniya Tibbi \u018fm\u0259kda\u015fl\u0131q C\u0259miyy\u0259ti v\u0259 AlmazAkademie Tibbi Treyninq M\u0259rk\u0259zinin birg\u0259 t\u0259\u015fkilat\u00e7\u0131l\u0131\u011f\u0131 il\u0259 ETMGi-nun \u0259m\u0259kda\u015flar\u0131 \u00fc\u00e7\u00fcn Histeroskopiya kurslar\u0131 ke\u00e7irilmi\u015fdir. \u0130nstitutun direktoru prof. C\u0259mil\u0259 Qurbanova giri\u015f s\u00f6z\u00fc il\u0259 \u00e7\u0131x\u0131\u015f ed\u0259r\u0259k bel\u0259 kurslar\u0131n h\u0259kiml\u0259rin pe\u015f\u0259 qabiliyy\u0259tinin art\u0131r\u0131lmas\u0131 v\u0259 ixtisasla\u015fmas\u0131 \u00fc\u00e7\u00fcn vacib oldu\u011funu x\u00fcsusi vur\u011fulamaqla kurs i\u015ftirak\u00e7\u0131lar\u0131na u\u011furlar arzulam\u0131\u015fd\u0131r. Daha sonra AlmazAkademie Tibbi Treyninq M\u0259rk\u0259zinin r\u0259hb\u0259ri, M.Top\u00e7uba\u015fov ad. Elmi C\u0259rrahiyy\u0259 M\u0259rk\u0259zinin professoru Q. M\u00fcsl\u00fcmov d\u00fcnyan\u0131n qabaqc\u0131l \u00f6lk\u0259l\u0259rinin t\u0259cr\u00fcn\u0259sind\u0259n yararlanaraq bel\u0259 kurslar\u0131n davaml\u0131 olaraq t\u0259\u015fkil olunmas\u0131n\u0131n z\u0259ruriyy\u0259tini qeyd ed\u0259r\u0259k,bu i\u015fd\u0259 yax\u0131ndan k\u00f6m\u0259k g\u00f6st\u0259rdikl\u0259ri v\u0259 h\u0259rt\u0259r\u0259fli \u015f\u0259rair yaratd\u0131qlar\u0131 \u00fc\u00e7\u00fcn professor C. Qurbanova ba\u015fda olmaqla b\u00fct\u00fcn institut kollektivin\u0259, ekspertl\u0259r\u0259 v\u0259 \u0259m\u0259yi ke\u00e7\u0259n h\u0259r bir k\u0259s\u0259 \u00f6z minn\u0259tdarl\u0131\u011f\u0131n\u0131 bildirmi\u015fdir.<\/div>\n<div dir=\"auto\">Avropada q\u0259bul edilmi\u015f t\u0259dris programlar\u0131 \u0259sas\u0131nda t\u0259cr\u00fcb\u0259li treynerl\u0259r Qurbanxan M\u00fcsl\u00fcmov,Turab Canbax\u0131\u015fov v\u0259 \u018fkb\u0259r \u0130brahimovun r\u0259hb\u0259rliyi il\u0259 ke\u00e7\u0259n kurslarda i\u015ftirak\u00e7\u0131lar 3 qrupa b\u00f6l\u00fcn\u0259r\u0259k \u0259n m\u00fcasir x\u00fcsusi model v\u0259 avadanl\u0131qlardan istifad\u0259 etm\u0259kl\u0259 histeroskopiya v\u0259 canl\u0131 heyvan orqanlar\u0131ndan haz\u0131rlanm\u0131\u015f u\u015faql\u0131q modelind\u0259 histerorezektoskopiya kimi tap\u015f\u0131r\u0131qlar\u0131 yerin\u0259 yetirmi\u015fl\u0259r.<\/div>\n<div dir=\"auto\">&nbsp;<\/div>\n<h2 dir=\"auto\"><strong>\u015e\u0259kill\u0259r:<\/strong><\/h2>\n<p><a href=\"https:\/\/almazakademie.az\/wp-content\/uploads\/2021\/11\/29595152_2116507785252609_4952553646597164274_n.jpg\"><img loading=\"lazy\" decoding=\"async\" class=\"alignnone size-medium wp-image-776\" src=\"https:\/\/almazakademie.az\/wp-content\/uploads\/2021\/11\/29595152_2116507785252609_4952553646597164274_n-300x201.jpg\" alt=\"\" width=\"300\" height=\"201\" srcset=\"https:\/\/almazakademie.az\/wp-content\/uploads\/2021\/11\/29595152_2116507785252609_4952553646597164274_n-300x201.jpg 300w, https:\/\/almazakademie.az\/wp-content\/uploads\/2021\/11\/29595152_2116507785252609_4952553646597164274_n-768x514.jpg 768w, https:\/\/almazakademie.az\/wp-content\/uploads\/2021\/11\/29595152_2116507785252609_4952553646597164274_n-272x182.jpg 272w, https:\/\/almazakademie.az\/wp-content\/uploads\/2021\/11\/29595152_2116507785252609_4952553646597164274_n.jpg 960w\" sizes=\"(max-width: 300px) 100vw, 300px\" \/><\/a> <a href=\"https:\/\/almazakademie.az\/wp-content\/uploads\/2021\/11\/29595253_2116507788585942_7461888071768811313_n.jpg\"><img loading=\"lazy\" decoding=\"async\" class=\"alignnone size-medium wp-image-777\" src=\"https:\/\/almazakademie.az\/wp-content\/uploads\/2021\/11\/29595253_2116507788585942_7461888071768811313_n-300x225.jpg\" alt=\"\" width=\"300\" height=\"225\" srcset=\"https:\/\/almazakademie.az\/wp-content\/uploads\/2021\/11\/29595253_2116507788585942_7461888071768811313_n-300x225.jpg 300w, https:\/\/almazakademie.az\/wp-content\/uploads\/2021\/11\/29595253_2116507788585942_7461888071768811313_n-768x576.jpg 768w, https:\/\/almazakademie.az\/wp-content\/uploads\/2021\/11\/29595253_2116507788585942_7461888071768811313_n-510x382.jpg 510w, https:\/\/almazakademie.az\/wp-content\/uploads\/2021\/11\/29595253_2116507788585942_7461888071768811313_n.jpg 960w\" sizes=\"(max-width: 300px) 100vw, 300px\" \/><\/a> <a href=\"https:\/\/almazakademie.az\/wp-content\/uploads\/2021\/11\/29598220_2116507735252614_7647568098181930254_n.jpg\"><img loading=\"lazy\" decoding=\"async\" class=\"alignnone size-medium wp-image-778\" src=\"https:\/\/almazakademie.az\/wp-content\/uploads\/2021\/11\/29598220_2116507735252614_7647568098181930254_n-300x214.jpg\" alt=\"\" width=\"300\" height=\"214\" srcset=\"https:\/\/almazakademie.az\/wp-content\/uploads\/2021\/11\/29598220_2116507735252614_7647568098181930254_n-300x214.jpg 300w, https:\/\/almazakademie.az\/wp-content\/uploads\/2021\/11\/29598220_2116507735252614_7647568098181930254_n-768x547.jpg 768w, https:\/\/almazakademie.az\/wp-content\/uploads\/2021\/11\/29598220_2116507735252614_7647568098181930254_n-400x284.jpg 400w, https:\/\/almazakademie.az\/wp-content\/uploads\/2021\/11\/29598220_2116507735252614_7647568098181930254_n.jpg 960w\" sizes=\"(max-width: 300px) 100vw, 300px\" \/><\/a> <a href=\"https:\/\/almazakademie.az\/wp-content\/uploads\/2021\/11\/29695066_2116507691919285_2835858308204533982_n.jpg\"><img loading=\"lazy\" decoding=\"async\" class=\"alignnone size-medium wp-image-779\" src=\"https:\/\/almazakademie.az\/wp-content\/uploads\/2021\/11\/29695066_2116507691919285_2835858308204533982_n-199x300.jpg\" alt=\"\" width=\"199\" height=\"300\" srcset=\"https:\/\/almazakademie.az\/wp-content\/uploads\/2021\/11\/29695066_2116507691919285_2835858308204533982_n-199x300.jpg 199w, https:\/\/almazakademie.az\/wp-content\/uploads\/2021\/11\/29695066_2116507691919285_2835858308204533982_n.jpg 638w\" sizes=\"(max-width: 199px) 100vw, 199px\" \/><\/a><\/p>\n","protected":false},"excerpt":{"rendered":"<p>31 Mart 2018-ci il tarixd\u0259 ke\u00e7iril\u0259n Treyniql\u0259r 31.03.2018-ci il tarixd\u0259 Elmi T\u0259dqiqat Mamal\u0131q Ginekologiya \u0130nstitutu, Az\u0259rbaycan Almaniya Tibbi \u018fm\u0259kda\u015fl\u0131q C\u0259miyy\u0259ti v\u0259 AlmazAkademie Tibbi Treyninq M\u0259rk\u0259zinin birg\u0259 t\u0259\u015fkilat\u00e7\u0131l\u0131\u011f\u0131 il\u0259 ETMGi-nun \u0259m\u0259kda\u015flar\u0131 \u00fc\u00e7\u00fcn Histeroskopiya kurslar\u0131 ke\u00e7irilmi\u015fdir. \u0130nstitutun direktoru prof. C\u0259mil\u0259 Qurbanova giri\u015f s\u00f6z\u00fc il\u0259 \u00e7\u0131x\u0131\u015f ed\u0259r\u0259k bel\u0259 kurslar\u0131n h\u0259kiml\u0259rin pe\u015f\u0259 qabiliyy\u0259tinin art\u0131r\u0131lmas\u0131 v\u0259 ixtisasla\u015fmas\u0131 \u00fc\u00e7\u00fcn vacib oldu\u011funu [&hellip;]<\/p>\n","protected":false},"author":1,"featured_media":0,"parent":0,"menu_order":0,"comment_status":"closed","ping_status":"closed","template":"","meta":{"ngg_post_thumbnail":0,"footnotes":""},"_links":{"self":[{"href":"https:\/\/almazakademie.az\/index.php?rest_route=\/wp\/v2\/pages\/775"}],"collection":[{"href":"https:\/\/almazakademie.az\/index.php?rest_route=\/wp\/v2\/pages"}],"about":[{"href":"https:\/\/almazakademie.az\/index.php?rest_route=\/wp\/v2\/types\/page"}],"author":[{"embeddable":true,"href":"https:\/\/almazakademie.az\/index.php?rest_route=\/wp\/v2\/users\/1"}],"replies":[{"embeddable":true,"href":"https:\/\/almazakademie.az\/index.php?rest_route=%2Fwp%2Fv2%2Fcomments&post=775"}],"version-history":[{"count":1,"href":"https:\/\/almazakademie.az\/index.php?rest_route=\/wp\/v2\/pages\/775\/revisions"}],"predecessor-version":[{"id":780,"href":"https:\/\/almazakademie.az\/index.php?rest_route=\/wp\/v2\/pages\/775\/revisions\/780"}],"wp:attachment":[{"href":"https:\/\/almazakademie.az\/index.php?rest_route=%2Fwp%2Fv2%2Fmedia&parent=775"}],"curies":[{"name":"wp","href":"https:\/\/api.w.org\/{rel}","templated":true}]}}